{"id":35,"date":"2016-02-10T11:36:20","date_gmt":"2016-02-10T14:36:20","guid":{"rendered":"http:\/\/bridge3.qodeinteractive.com\/?page_id=35"},"modified":"2019-04-02T11:48:10","modified_gmt":"2019-04-02T14:48:10","slug":"geotextil","status":"publish","type":"page","link":"http:\/\/tecnigeo.com.br\/site\/geotextil\/","title":{"rendered":"GEOT\u00caXTIL"},"content":{"rendered":"<div class=\"wpb-content-wrapper\"><p>[vc_row css_animation=&#8221;&#8221; row_type=&#8221;row&#8221; use_row_as_full_screen_section=&#8221;no&#8221; type=&#8221;grid&#8221; angled_section=&#8221;no&#8221; text_align=&#8221;left&#8221; background_image_as_pattern=&#8221;without_pattern&#8221;][vc_column][vc_empty_space height=&#8221;35px&#8221;][\/vc_column][\/vc_row][vc_row css_animation=&#8221;&#8221; row_type=&#8221;row&#8221; use_row_as_full_screen_section=&#8221;no&#8221; type=&#8221;grid&#8221; angled_section=&#8221;no&#8221; text_align=&#8221;left&#8221; background_image_as_pattern=&#8221;without_pattern&#8221;][vc_column][vc_column_text]A TecniGEO trabalha com a melhor linha de geot\u00eaxtil. Manta geot\u00eaxtil n\u00e3otecido, possui propriedades hidr\u00e1ulicas, f\u00edsicas e mec\u00e2nicas que garantem o melhor desempenho e durabilidade quando o produto \u00e9 utilizado para drenagem, filtra\u00e7\u00e3o, separa\u00e7\u00e3o, prote\u00e7\u00e3o, refor\u00e7o e pavimenta\u00e7\u00e3o. A manta geot\u00eaxtil \u00e9 utilizada principalmente para prote\u00e7\u00e3o e refor\u00e7o de materiais, para evitar danos no solo e promover melhorias em suas propriedades. Proporciona elevada permeabilidade e excelente capacidade de filtra\u00e7\u00e3o.[\/vc_column_text][\/vc_column][\/vc_row][vc_row css_animation=&#8221;&#8221; row_type=&#8221;row&#8221; use_row_as_full_screen_section=&#8221;no&#8221; type=&#8221;full_width&#8221; angled_section=&#8221;no&#8221; text_align=&#8221;left&#8221; background_image_as_pattern=&#8221;without_pattern&#8221;][vc_column][vc_empty_space height=&#8221;35px&#8221;][\/vc_column][\/vc_row][vc_row css_animation=&#8221;&#8221; row_type=&#8221;row&#8221; use_row_as_full_screen_section=&#8221;no&#8221; type=&#8221;grid&#8221; angled_section=&#8221;no&#8221; text_align=&#8221;left&#8221; background_image_as_pattern=&#8221;without_pattern&#8221;][vc_column width=&#8221;1\/4&#8243;][vc_column_text]<img loading=\"lazy\" decoding=\"async\" class=\"aligncenter size-full wp-image-2176\" src=\"http:\/\/tecnigeo.com.br\/site\/wp-content\/uploads\/2016\/02\/geotextil.jpg\" alt=\"\" width=\"300\" height=\"214\" \/>[\/vc_column_text][\/vc_column][vc_column width=&#8221;1\/4&#8243;][vc_column_text]<img loading=\"lazy\" decoding=\"async\" class=\"aligncenter size-full wp-image-2178\" src=\"http:\/\/tecnigeo.com.br\/site\/wp-content\/uploads\/2016\/02\/geotextil-bidim.jpg\" alt=\"\" width=\"300\" height=\"214\" \/>[\/vc_column_text][\/vc_column][vc_column width=&#8221;1\/4&#8243;][vc_column_text]<img loading=\"lazy\" decoding=\"async\" class=\"aligncenter size-full wp-image-2179\" src=\"http:\/\/tecnigeo.com.br\/site\/wp-content\/uploads\/2016\/02\/gabiao.jpg\" alt=\"\" width=\"300\" height=\"214\" \/>[\/vc_column_text][\/vc_column][vc_column width=&#8221;1\/4&#8243;][vc_column_text]<img loading=\"lazy\" decoding=\"async\" class=\"aligncenter size-full wp-image-2180\" src=\"http:\/\/tecnigeo.com.br\/site\/wp-content\/uploads\/2016\/02\/geotextil-nao-tecido.jpg\" alt=\"\" width=\"300\" height=\"214\" \/>[\/vc_column_text][\/vc_column][\/vc_row][vc_row css_animation=&#8221;&#8221; row_type=&#8221;row&#8221; use_row_as_full_screen_section=&#8221;no&#8221; type=&#8221;full_width&#8221; angled_section=&#8221;no&#8221; text_align=&#8221;left&#8221; background_image_as_pattern=&#8221;without_pattern&#8221;][vc_column][vc_empty_space height=&#8221;35px&#8221;][\/vc_column][\/vc_row]<\/p>\n<\/div>","protected":false},"excerpt":{"rendered":"<p>[vc_row css_animation=&#8221;&#8221; row_type=&#8221;row&#8221; use_row_as_full_screen_section=&#8221;no&#8221; type=&#8221;grid&#8221; angled_section=&#8221;no&#8221; text_align=&#8221;left&#8221; background_image_as_pattern=&#8221;without_pattern&#8221;][vc_column][vc_empty_space height=&#8221;35px&#8221;][\/vc_column][\/vc_row][vc_row css_animation=&#8221;&#8221; row_type=&#8221;row&#8221; use_row_as_full_screen_section=&#8221;no&#8221; type=&#8221;grid&#8221; angled_section=&#8221;no&#8221; text_align=&#8221;left&#8221; background_image_as_pattern=&#8221;without_pattern&#8221;][vc_column][vc_column_text]A TecniGEO trabalha com a melhor linha de geot\u00eaxtil. Manta geot\u00eaxtil n\u00e3otecido, possui propriedades hidr\u00e1ulicas, f\u00edsicas e mec\u00e2nicas que garantem o melhor desempenho e durabilidade quando o produto \u00e9 utilizado&#8230;<\/p>\n","protected":false},"author":2,"featured_media":0,"parent":0,"menu_order":0,"comment_status":"closed","ping_status":"closed","template":"full_width.php","meta":{"om_disable_all_campaigns":false,"_exactmetrics_skip_tracking":false,"_exactmetrics_sitenote_active":false,"_exactmetrics_sitenote_note":"","_exactmetrics_sitenote_category":0,"_monsterinsights_skip_tracking":false,"_monsterinsights_sitenote_active":false,"_monsterinsights_sitenote_note":"","_monsterinsights_sitenote_category":0,"footnotes":""},"class_list":["post-35","page","type-page","status-publish","hentry"],"aioseo_notices":[],"_links":{"self":[{"href":"http:\/\/tecnigeo.com.br\/site\/wp-json\/wp\/v2\/pages\/35","targetHints":{"allow":["GET"]}}],"collection":[{"href":"http:\/\/tecnigeo.com.br\/site\/wp-json\/wp\/v2\/pages"}],"about":[{"href":"http:\/\/tecnigeo.com.br\/site\/wp-json\/wp\/v2\/types\/page"}],"author":[{"embeddable":true,"href":"http:\/\/tecnigeo.com.br\/site\/wp-json\/wp\/v2\/users\/2"}],"replies":[{"embeddable":true,"href":"http:\/\/tecnigeo.com.br\/site\/wp-json\/wp\/v2\/comments?post=35"}],"version-history":[{"count":22,"href":"http:\/\/tecnigeo.com.br\/site\/wp-json\/wp\/v2\/pages\/35\/revisions"}],"predecessor-version":[{"id":2181,"href":"http:\/\/tecnigeo.com.br\/site\/wp-json\/wp\/v2\/pages\/35\/revisions\/2181"}],"wp:attachment":[{"href":"http:\/\/tecnigeo.com.br\/site\/wp-json\/wp\/v2\/media?parent=35"}],"curies":[{"name":"wp","href":"https:\/\/api.w.org\/{rel}","templated":true}]}}